{"id":130,"date":"2024-01-31T13:15:16","date_gmt":"2024-01-31T13:15:16","guid":{"rendered":"https:\/\/brasilhs.com.br\/?page_id=130"},"modified":"2024-09-13T13:51:46","modified_gmt":"2024-09-13T13:51:46","slug":"treinamentos","status":"publish","type":"page","link":"https:\/\/brasilhs.com.br\/index.php\/treinamentos\/","title":{"rendered":"Treinamentos e Palestras"},"content":{"rendered":"\t\t<div data-elementor-type=\"wp-page\" data-elementor-id=\"130\" class=\"elementor elementor-130\">\n\t\t\t\t\t\t<section class=\"elementor-section elementor-top-section elementor-element elementor-element-69ecd3310 elementor-section-full_width elementor-section-height-default elementor-section-height-default wpr-particle-no wpr-jarallax-no wpr-parallax-no wpr-sticky-section-no\" data-id=\"69ecd3310\" data-element_type=\"section\" data-settings=\"{&quot;background_background&quot;:&quot;classic&quot;}\">\n\t\t\t\t\t\t\t<div class=\"elementor-background-overlay\"><\/div>\n\t\t\t\t\t\t\t<div class=\"elementor-container elementor-column-gap-default\">\n\t\t\t\t\t<div class=\"elementor-column elementor-col-100 elementor-top-column elementor-element elementor-element-2ae94a96\" data-id=\"2ae94a96\" data-element_type=\"column\">\n\t\t\t<div class=\"elementor-widget-wrap elementor-element-populated\">\n\t\t\t\t\t\t<div class=\"elementor-element elementor-element-7c7df361 elementor-widget elementor-widget-heading\" data-id=\"7c7df361\" data-element_type=\"widget\" data-widget_type=\"heading.default\">\n\t\t\t\t<div class=\"elementor-widget-container\">\n\t\t\t<h2 class=\"elementor-heading-title elementor-size-default\">Treinamentos e Palestras<\/h2>\t\t<\/div>\n\t\t\t\t<\/div>\n\t\t\t\t\t<\/div>\n\t\t<\/div>\n\t\t\t\t\t<\/div>\n\t\t<\/section>\n\t\t\t\t<section class=\"elementor-section elementor-top-section elementor-element elementor-element-027de90 elementor-section-boxed elementor-section-height-default elementor-section-height-default wpr-particle-no wpr-jarallax-no wpr-parallax-no wpr-sticky-section-no\" data-id=\"027de90\" data-element_type=\"section\" data-settings=\"{&quot;background_background&quot;:&quot;classic&quot;}\">\n\t\t\t\t\t\t<div class=\"elementor-container elementor-column-gap-default\">\n\t\t\t\t\t<div class=\"elementor-column elementor-col-100 elementor-top-column elementor-element elementor-element-8cd87bb\" data-id=\"8cd87bb\" data-element_type=\"column\">\n\t\t\t<div class=\"elementor-widget-wrap elementor-element-populated\">\n\t\t\t\t\t\t<div class=\"elementor-element elementor-element-5357d6a elementor-widget elementor-widget-heading\" data-id=\"5357d6a\" data-element_type=\"widget\" data-widget_type=\"heading.default\">\n\t\t\t\t<div class=\"elementor-widget-container\">\n\t\t\t<h2 class=\"elementor-heading-title elementor-size-default\">Treinamentos<\/h2>\t\t<\/div>\n\t\t\t\t<\/div>\n\t\t\t\t<section class=\"elementor-section elementor-inner-section elementor-element elementor-element-db97740 elementor-section-full_width elementor-section-height-default elementor-section-height-default wpr-particle-no wpr-jarallax-no wpr-parallax-no wpr-sticky-section-no\" data-id=\"db97740\" data-element_type=\"section\">\n\t\t\t\t\t\t<div class=\"elementor-container elementor-column-gap-default\">\n\t\t\t\t\t<div class=\"elementor-column elementor-col-50 elementor-inner-column elementor-element elementor-element-95c9963\" data-id=\"95c9963\" data-element_type=\"column\">\n\t\t\t<div class=\"elementor-widget-wrap elementor-element-populated\">\n\t\t\t\t\t\t<div class=\"elementor-element elementor-element-6a2d884 elementor-align-left elementor-icon-list--layout-traditional elementor-list-item-link-full_width elementor-widget elementor-widget-icon-list\" data-id=\"6a2d884\" data-element_type=\"widget\" data-widget_type=\"icon-list.default\">\n\t\t\t\t<div class=\"elementor-widget-container\">\n\t\t\t\t\t<ul class=\"elementor-icon-list-items\">\n\t\t\t\t\t\t\t<li class=\"elementor-icon-list-item\">\n\t\t\t\t\t\t\t\t\t\t\t<span class=\"elementor-icon-list-icon\">\n\t\t\t\t\t\t\t<svg aria-hidden=\"true\" class=\"e-font-icon-svg e-fas-dot-circle\" viewBox=\"0 0 512 512\" xmlns=\"http:\/\/www.w3.org\/2000\/svg\"><path d=\"M256 8C119.033 8 8 119.033 8 256s111.033 248 248 248 248-111.033 248-248S392.967 8 256 8zm80 248c0 44.112-35.888 80-80 80s-80-35.888-80-80 35.888-80 80-80 80 35.888 80 80z\"><\/path><\/svg>\t\t\t\t\t\t<\/span>\n\t\t\t\t\t\t\t\t\t\t<span class=\"elementor-icon-list-text\">NR 01 - Disposi\u00e7\u00f5es Gerais: Trata-se da Norma Regulamentadora 01, que estabelece as disposi\u00e7\u00f5es gerais sobre seguran\u00e7a e sa\u00fade no trabalho. Ela define as responsabilidades das empresas e dos trabalhadores para garantir um ambiente laboral seguro.<\/span>\n\t\t\t\t\t\t\t\t\t<\/li>\n\t\t\t\t\t\t\t\t<li class=\"elementor-icon-list-item\">\n\t\t\t\t\t\t\t\t\t\t\t<span class=\"elementor-icon-list-icon\">\n\t\t\t\t\t\t\t<svg aria-hidden=\"true\" class=\"e-font-icon-svg e-fas-dot-circle\" viewBox=\"0 0 512 512\" xmlns=\"http:\/\/www.w3.org\/2000\/svg\"><path d=\"M256 8C119.033 8 8 119.033 8 256s111.033 248 248 248 248-111.033 248-248S392.967 8 256 8zm80 248c0 44.112-35.888 80-80 80s-80-35.888-80-80 35.888-80 80-80 80 35.888 80 80z\"><\/path><\/svg>\t\t\t\t\t\t<\/span>\n\t\t\t\t\t\t\t\t\t\t<span class=\"elementor-icon-list-text\">CIPA - Comiss\u00e3o Interna de Preven\u00e7\u00e3o de Acidentes: A CIPA \u00e9 um \u00f3rg\u00e3o composto por representantes dos empregadores e dos trabalhadores, com o objetivo de promover a seguran\u00e7a e prevenir acidentes no ambiente de trabalho.<\/span>\n\t\t\t\t\t\t\t\t\t<\/li>\n\t\t\t\t\t\t\t\t<li class=\"elementor-icon-list-item\">\n\t\t\t\t\t\t\t\t\t\t\t<span class=\"elementor-icon-list-icon\">\n\t\t\t\t\t\t\t<svg aria-hidden=\"true\" class=\"e-font-icon-svg e-fas-dot-circle\" viewBox=\"0 0 512 512\" xmlns=\"http:\/\/www.w3.org\/2000\/svg\"><path d=\"M256 8C119.033 8 8 119.033 8 256s111.033 248 248 248 248-111.033 248-248S392.967 8 256 8zm80 248c0 44.112-35.888 80-80 80s-80-35.888-80-80 35.888-80 80-80 80 35.888 80 80z\"><\/path><\/svg>\t\t\t\t\t\t<\/span>\n\t\t\t\t\t\t\t\t\t\t<span class=\"elementor-icon-list-text\">EPI - Equipamento de Prote\u00e7\u00e3o Individual: Treinamento sobre o uso correto e adequado dos Equipamentos de Prote\u00e7\u00e3o Individual, como capacetes, luvas, \u00f3culos, entre outros, para garantir a seguran\u00e7a dos trabalhadores.<\/span>\n\t\t\t\t\t\t\t\t\t<\/li>\n\t\t\t\t\t\t\t\t<li class=\"elementor-icon-list-item\">\n\t\t\t\t\t\t\t\t\t\t\t<span class=\"elementor-icon-list-icon\">\n\t\t\t\t\t\t\t<svg aria-hidden=\"true\" class=\"e-font-icon-svg e-fas-dot-circle\" viewBox=\"0 0 512 512\" xmlns=\"http:\/\/www.w3.org\/2000\/svg\"><path d=\"M256 8C119.033 8 8 119.033 8 256s111.033 248 248 248 248-111.033 248-248S392.967 8 256 8zm80 248c0 44.112-35.888 80-80 80s-80-35.888-80-80 35.888-80 80-80 80 35.888 80 80z\"><\/path><\/svg>\t\t\t\t\t\t<\/span>\n\t\t\t\t\t\t\t\t\t\t<span class=\"elementor-icon-list-text\">Brigada de Inc\u00eandio: Treinamento destinado a capacitar colaboradores para atuarem em situa\u00e7\u00f5es de inc\u00eandio, incluindo o combate ao fogo, evacua\u00e7\u00e3o segura e primeiros socorros b\u00e1sicos.<\/span>\n\t\t\t\t\t\t\t\t\t<\/li>\n\t\t\t\t\t\t\t\t<li class=\"elementor-icon-list-item\">\n\t\t\t\t\t\t\t\t\t\t\t<span class=\"elementor-icon-list-icon\">\n\t\t\t\t\t\t\t<svg aria-hidden=\"true\" class=\"e-font-icon-svg e-fas-dot-circle\" viewBox=\"0 0 512 512\" xmlns=\"http:\/\/www.w3.org\/2000\/svg\"><path d=\"M256 8C119.033 8 8 119.033 8 256s111.033 248 248 248 248-111.033 248-248S392.967 8 256 8zm80 248c0 44.112-35.888 80-80 80s-80-35.888-80-80 35.888-80 80-80 80 35.888 80 80z\"><\/path><\/svg>\t\t\t\t\t\t<\/span>\n\t\t\t\t\t\t\t\t\t\t<span class=\"elementor-icon-list-text\">Primeiros Socorros: Envolvem t\u00e9cnicas e procedimentos b\u00e1sicos para oferecer assist\u00eancia imediata a pessoas feridas ou doentes antes da chegada de profissionais de sa\u00fade.<\/span>\n\t\t\t\t\t\t\t\t\t<\/li>\n\t\t\t\t\t\t\t\t<li class=\"elementor-icon-list-item\">\n\t\t\t\t\t\t\t\t\t\t\t<span class=\"elementor-icon-list-icon\">\n\t\t\t\t\t\t\t<svg aria-hidden=\"true\" class=\"e-font-icon-svg e-fas-dot-circle\" viewBox=\"0 0 512 512\" xmlns=\"http:\/\/www.w3.org\/2000\/svg\"><path d=\"M256 8C119.033 8 8 119.033 8 256s111.033 248 248 248 248-111.033 248-248S392.967 8 256 8zm80 248c0 44.112-35.888 80-80 80s-80-35.888-80-80 35.888-80 80-80 80 35.888 80 80z\"><\/path><\/svg>\t\t\t\t\t\t<\/span>\n\t\t\t\t\t\t\t\t\t\t<span class=\"elementor-icon-list-text\">Empilhadeira: Treinamento para operadores de empilhadeiras, abordando aspectos te\u00f3ricos e pr\u00e1ticos relacionados \u00e0 opera\u00e7\u00e3o segura desses equipamentos.<\/span>\n\t\t\t\t\t\t\t\t\t<\/li>\n\t\t\t\t\t\t<\/ul>\n\t\t\t\t<\/div>\n\t\t\t\t<\/div>\n\t\t\t\t\t<\/div>\n\t\t<\/div>\n\t\t\t\t<div class=\"elementor-column elementor-col-50 elementor-inner-column elementor-element elementor-element-2228cbb\" data-id=\"2228cbb\" data-element_type=\"column\">\n\t\t\t<div class=\"elementor-widget-wrap elementor-element-populated\">\n\t\t\t\t\t\t<div class=\"elementor-element elementor-element-8ba6678 elementor-align-left elementor-icon-list--layout-traditional elementor-list-item-link-full_width elementor-widget elementor-widget-icon-list\" data-id=\"8ba6678\" data-element_type=\"widget\" data-widget_type=\"icon-list.default\">\n\t\t\t\t<div class=\"elementor-widget-container\">\n\t\t\t\t\t<ul class=\"elementor-icon-list-items\">\n\t\t\t\t\t\t\t<li class=\"elementor-icon-list-item\">\n\t\t\t\t\t\t\t\t\t\t\t<span class=\"elementor-icon-list-icon\">\n\t\t\t\t\t\t\t<svg aria-hidden=\"true\" class=\"e-font-icon-svg e-fas-dot-circle\" viewBox=\"0 0 512 512\" xmlns=\"http:\/\/www.w3.org\/2000\/svg\"><path d=\"M256 8C119.033 8 8 119.033 8 256s111.033 248 248 248 248-111.033 248-248S392.967 8 256 8zm80 248c0 44.112-35.888 80-80 80s-80-35.888-80-80 35.888-80 80-80 80 35.888 80 80z\"><\/path><\/svg>\t\t\t\t\t\t<\/span>\n\t\t\t\t\t\t\t\t\t\t<span class=\"elementor-icon-list-text\">Trabalho em Altura: Treinamento voltado para atividades realizadas em locais elevados, proporcionando t\u00e9cnicas de seguran\u00e7a para evitar quedas e acidentes.<\/span>\n\t\t\t\t\t\t\t\t\t<\/li>\n\t\t\t\t\t\t\t\t<li class=\"elementor-icon-list-item\">\n\t\t\t\t\t\t\t\t\t\t\t<span class=\"elementor-icon-list-icon\">\n\t\t\t\t\t\t\t<svg aria-hidden=\"true\" class=\"e-font-icon-svg e-fas-dot-circle\" viewBox=\"0 0 512 512\" xmlns=\"http:\/\/www.w3.org\/2000\/svg\"><path d=\"M256 8C119.033 8 8 119.033 8 256s111.033 248 248 248 248-111.033 248-248S392.967 8 256 8zm80 248c0 44.112-35.888 80-80 80s-80-35.888-80-80 35.888-80 80-80 80 35.888 80 80z\"><\/path><\/svg>\t\t\t\t\t\t<\/span>\n\t\t\t\t\t\t\t\t\t\t<span class=\"elementor-icon-list-text\">Espa\u00e7o Confinado: Aborda os procedimentos seguros para trabalhar em espa\u00e7os confinados, onde h\u00e1 limita\u00e7\u00e3o de entrada e sa\u00edda e condi\u00e7\u00f5es que podem apresentar riscos.<\/span>\n\t\t\t\t\t\t\t\t\t<\/li>\n\t\t\t\t\t\t\t\t<li class=\"elementor-icon-list-item\">\n\t\t\t\t\t\t\t\t\t\t\t<span class=\"elementor-icon-list-icon\">\n\t\t\t\t\t\t\t<svg aria-hidden=\"true\" class=\"e-font-icon-svg e-fas-dot-circle\" viewBox=\"0 0 512 512\" xmlns=\"http:\/\/www.w3.org\/2000\/svg\"><path d=\"M256 8C119.033 8 8 119.033 8 256s111.033 248 248 248 248-111.033 248-248S392.967 8 256 8zm80 248c0 44.112-35.888 80-80 80s-80-35.888-80-80 35.888-80 80-80 80 35.888 80 80z\"><\/path><\/svg>\t\t\t\t\t\t<\/span>\n\t\t\t\t\t\t\t\t\t\t<span class=\"elementor-icon-list-text\">Combust\u00edveis e Inflam\u00e1veis: Foca nos cuidados e pr\u00e1ticas seguras no manuseio, armazenamento e transporte de subst\u00e2ncias inflam\u00e1veis.<\/span>\n\t\t\t\t\t\t\t\t\t<\/li>\n\t\t\t\t\t\t\t\t<li class=\"elementor-icon-list-item\">\n\t\t\t\t\t\t\t\t\t\t\t<span class=\"elementor-icon-list-icon\">\n\t\t\t\t\t\t\t<svg aria-hidden=\"true\" class=\"e-font-icon-svg e-fas-dot-circle\" viewBox=\"0 0 512 512\" xmlns=\"http:\/\/www.w3.org\/2000\/svg\"><path d=\"M256 8C119.033 8 8 119.033 8 256s111.033 248 248 248 248-111.033 248-248S392.967 8 256 8zm80 248c0 44.112-35.888 80-80 80s-80-35.888-80-80 35.888-80 80-80 80 35.888 80 80z\"><\/path><\/svg>\t\t\t\t\t\t<\/span>\n\t\t\t\t\t\t\t\t\t\t<span class=\"elementor-icon-list-text\">NR 10 - Seguran\u00e7a em Instala\u00e7\u00f5es e Servi\u00e7os em Eletricidade: Estabelece requisitos e condi\u00e7\u00f5es m\u00ednimas para garantir a seguran\u00e7a dos trabalhadores que interagem com instala\u00e7\u00f5es el\u00e9tricas e servi\u00e7os em eletricidade.<\/span>\n\t\t\t\t\t\t\t\t\t<\/li>\n\t\t\t\t\t\t\t\t<li class=\"elementor-icon-list-item\">\n\t\t\t\t\t\t\t\t\t\t\t<span class=\"elementor-icon-list-icon\">\n\t\t\t\t\t\t\t<svg aria-hidden=\"true\" class=\"e-font-icon-svg e-fas-dot-circle\" viewBox=\"0 0 512 512\" xmlns=\"http:\/\/www.w3.org\/2000\/svg\"><path d=\"M256 8C119.033 8 8 119.033 8 256s111.033 248 248 248 248-111.033 248-248S392.967 8 256 8zm80 248c0 44.112-35.888 80-80 80s-80-35.888-80-80 35.888-80 80-80 80 35.888 80 80z\"><\/path><\/svg>\t\t\t\t\t\t<\/span>\n\t\t\t\t\t\t\t\t\t\t<span class=\"elementor-icon-list-text\">AVCB\/CLCB \u2013 Corpo de Bombeiros: A obten\u00e7\u00e3o e renova\u00e7\u00e3o do Auto de Vistoria do Corpo de Bombeiros e do Certificado de Licen\u00e7a do Corpo de Bombeiros, documentos que atestam a conformidade das edifica\u00e7\u00f5es quanto \u00e0s normas de seguran\u00e7a contra inc\u00eandios.<\/span>\n\t\t\t\t\t\t\t\t\t<\/li>\n\t\t\t\t\t\t\t\t<li class=\"elementor-icon-list-item\">\n\t\t\t\t\t\t\t\t\t\t\t<span class=\"elementor-icon-list-icon\">\n\t\t\t\t\t\t\t<svg aria-hidden=\"true\" class=\"e-font-icon-svg e-fas-dot-circle\" viewBox=\"0 0 512 512\" xmlns=\"http:\/\/www.w3.org\/2000\/svg\"><path d=\"M256 8C119.033 8 8 119.033 8 256s111.033 248 248 248 248-111.033 248-248S392.967 8 256 8zm80 248c0 44.112-35.888 80-80 80s-80-35.888-80-80 35.888-80 80-80 80 35.888 80 80z\"><\/path><\/svg>\t\t\t\t\t\t<\/span>\n\t\t\t\t\t\t\t\t\t\t<span class=\"elementor-icon-list-text\">Per\u00edcias M\u00e9dicas e de Insalubridade: Aborda as pr\u00e1ticas e procedimentos relacionados a per\u00edcias m\u00e9dicas e de insalubridade, visando avaliar condi\u00e7\u00f5es de trabalho e determinar riscos \u00e0 sa\u00fade dos trabalhadores.<\/span>\n\t\t\t\t\t\t\t\t\t<\/li>\n\t\t\t\t\t\t<\/ul>\n\t\t\t\t<\/div>\n\t\t\t\t<\/div>\n\t\t\t\t\t<\/div>\n\t\t<\/div>\n\t\t\t\t\t<\/div>\n\t\t<\/section>\n\t\t\t\t\t<\/div>\n\t\t<\/div>\n\t\t\t\t\t<\/div>\n\t\t<\/section>\n\t\t\t\t<section class=\"elementor-section elementor-top-section elementor-element elementor-element-ec78184 elementor-section-boxed elementor-section-height-default elementor-section-height-default wpr-particle-no wpr-jarallax-no wpr-parallax-no wpr-sticky-section-no\" data-id=\"ec78184\" data-element_type=\"section\" data-settings=\"{&quot;background_background&quot;:&quot;classic&quot;}\">\n\t\t\t\t\t\t<div class=\"elementor-container elementor-column-gap-default\">\n\t\t\t\t\t<div class=\"elementor-column elementor-col-100 elementor-top-column elementor-element elementor-element-b8be149\" data-id=\"b8be149\" data-element_type=\"column\">\n\t\t\t<div class=\"elementor-widget-wrap elementor-element-populated\">\n\t\t\t\t\t\t<div class=\"elementor-element elementor-element-6522a46 elementor-widget elementor-widget-heading\" data-id=\"6522a46\" data-element_type=\"widget\" data-widget_type=\"heading.default\">\n\t\t\t\t<div class=\"elementor-widget-container\">\n\t\t\t<h2 class=\"elementor-heading-title elementor-size-default\">Palestras<\/h2>\t\t<\/div>\n\t\t\t\t<\/div>\n\t\t\t\t<section class=\"elementor-section elementor-inner-section elementor-element elementor-element-02bf69b elementor-section-full_width elementor-section-height-default elementor-section-height-default wpr-particle-no wpr-jarallax-no wpr-parallax-no wpr-sticky-section-no\" data-id=\"02bf69b\" data-element_type=\"section\">\n\t\t\t\t\t\t<div class=\"elementor-container elementor-column-gap-default\">\n\t\t\t\t\t<div class=\"elementor-column elementor-col-50 elementor-inner-column elementor-element elementor-element-3dd2a2b\" data-id=\"3dd2a2b\" data-element_type=\"column\">\n\t\t\t<div class=\"elementor-widget-wrap elementor-element-populated\">\n\t\t\t\t\t\t<div class=\"elementor-element elementor-element-b8a7070 elementor-align-left elementor-icon-list--layout-traditional elementor-list-item-link-full_width elementor-widget elementor-widget-icon-list\" data-id=\"b8a7070\" data-element_type=\"widget\" data-widget_type=\"icon-list.default\">\n\t\t\t\t<div class=\"elementor-widget-container\">\n\t\t\t\t\t<ul class=\"elementor-icon-list-items\">\n\t\t\t\t\t\t\t<li class=\"elementor-icon-list-item\">\n\t\t\t\t\t\t\t\t\t\t\t<span class=\"elementor-icon-list-icon\">\n\t\t\t\t\t\t\t<svg aria-hidden=\"true\" class=\"e-font-icon-svg e-fas-dot-circle\" viewBox=\"0 0 512 512\" xmlns=\"http:\/\/www.w3.org\/2000\/svg\"><path d=\"M256 8C119.033 8 8 119.033 8 256s111.033 248 248 248 248-111.033 248-248S392.967 8 256 8zm80 248c0 44.112-35.888 80-80 80s-80-35.888-80-80 35.888-80 80-80 80 35.888 80 80z\"><\/path><\/svg>\t\t\t\t\t\t<\/span>\n\t\t\t\t\t\t\t\t\t\t<span class=\"elementor-icon-list-text\">PGRCC - Plano de Gerenciamento de Res\u00edduos de Constru\u00e7\u00e3o Civil: Palestra sobre a elabora\u00e7\u00e3o e implementa\u00e7\u00e3o do Plano de Gerenciamento de Res\u00edduos de Constru\u00e7\u00e3o Civil, abordando a gest\u00e3o adequada dos res\u00edduos gerados durante atividades de constru\u00e7\u00e3o, reforma e demoli\u00e7\u00e3o.<\/span>\n\t\t\t\t\t\t\t\t\t<\/li>\n\t\t\t\t\t\t\t\t<li class=\"elementor-icon-list-item\">\n\t\t\t\t\t\t\t\t\t\t\t<span class=\"elementor-icon-list-icon\">\n\t\t\t\t\t\t\t<svg aria-hidden=\"true\" class=\"e-font-icon-svg e-fas-dot-circle\" viewBox=\"0 0 512 512\" xmlns=\"http:\/\/www.w3.org\/2000\/svg\"><path d=\"M256 8C119.033 8 8 119.033 8 256s111.033 248 248 248 248-111.033 248-248S392.967 8 256 8zm80 248c0 44.112-35.888 80-80 80s-80-35.888-80-80 35.888-80 80-80 80 35.888 80 80z\"><\/path><\/svg>\t\t\t\t\t\t<\/span>\n\t\t\t\t\t\t\t\t\t\t<span class=\"elementor-icon-list-text\">PGRS - Plano de Gerenciamento de Res\u00edduos S\u00f3lidos: Foca na cria\u00e7\u00e3o e execu\u00e7\u00e3o do Plano de Gerenciamento de Res\u00edduos S\u00f3lidos, que visa o manejo sustent\u00e1vel dos res\u00edduos s\u00f3lidos, desde a gera\u00e7\u00e3o at\u00e9 a destina\u00e7\u00e3o final, com \u00eanfase na redu\u00e7\u00e3o, reutiliza\u00e7\u00e3o e reciclagem.<\/span>\n\t\t\t\t\t\t\t\t\t<\/li>\n\t\t\t\t\t\t\t\t<li class=\"elementor-icon-list-item\">\n\t\t\t\t\t\t\t\t\t\t\t<span class=\"elementor-icon-list-icon\">\n\t\t\t\t\t\t\t<svg aria-hidden=\"true\" class=\"e-font-icon-svg e-fas-dot-circle\" viewBox=\"0 0 512 512\" xmlns=\"http:\/\/www.w3.org\/2000\/svg\"><path d=\"M256 8C119.033 8 8 119.033 8 256s111.033 248 248 248 248-111.033 248-248S392.967 8 256 8zm80 248c0 44.112-35.888 80-80 80s-80-35.888-80-80 35.888-80 80-80 80 35.888 80 80z\"><\/path><\/svg>\t\t\t\t\t\t<\/span>\n\t\t\t\t\t\t\t\t\t\t<span class=\"elementor-icon-list-text\">PGRSS - Plano de Gerenciamento de Res\u00edduos S\u00f3lidos em Servi\u00e7os de Sa\u00fade: Aborda a elabora\u00e7\u00e3o do Plano de Gerenciamento de Res\u00edduos S\u00f3lidos em Servi\u00e7os de Sa\u00fade, considerando as caracter\u00edsticas especiais dos res\u00edduos provenientes de estabelecimentos de sa\u00fade e as medidas para prevenir riscos \u00e0 sa\u00fade p\u00fablica e ao meio ambiente.<\/span>\n\t\t\t\t\t\t\t\t\t<\/li>\n\t\t\t\t\t\t<\/ul>\n\t\t\t\t<\/div>\n\t\t\t\t<\/div>\n\t\t\t\t\t<\/div>\n\t\t<\/div>\n\t\t\t\t<div class=\"elementor-column elementor-col-50 elementor-inner-column elementor-element elementor-element-1584432\" data-id=\"1584432\" data-element_type=\"column\">\n\t\t\t<div class=\"elementor-widget-wrap elementor-element-populated\">\n\t\t\t\t\t\t<div class=\"elementor-element elementor-element-48d643c elementor-align-left elementor-icon-list--layout-traditional elementor-list-item-link-full_width elementor-widget elementor-widget-icon-list\" data-id=\"48d643c\" data-element_type=\"widget\" data-widget_type=\"icon-list.default\">\n\t\t\t\t<div class=\"elementor-widget-container\">\n\t\t\t\t\t<ul class=\"elementor-icon-list-items\">\n\t\t\t\t\t\t\t<li class=\"elementor-icon-list-item\">\n\t\t\t\t\t\t\t\t\t\t\t<span class=\"elementor-icon-list-icon\">\n\t\t\t\t\t\t\t<svg aria-hidden=\"true\" class=\"e-font-icon-svg e-fas-dot-circle\" viewBox=\"0 0 512 512\" xmlns=\"http:\/\/www.w3.org\/2000\/svg\"><path d=\"M256 8C119.033 8 8 119.033 8 256s111.033 248 248 248 248-111.033 248-248S392.967 8 256 8zm80 248c0 44.112-35.888 80-80 80s-80-35.888-80-80 35.888-80 80-80 80 35.888 80 80z\"><\/path><\/svg>\t\t\t\t\t\t<\/span>\n\t\t\t\t\t\t\t\t\t\t<span class=\"elementor-icon-list-text\">Auditoria Ambiental: Palestra sobre a pr\u00e1tica da auditoria ambiental, um processo sistem\u00e1tico de avalia\u00e7\u00e3o das atividades de uma organiza\u00e7\u00e3o para garantir conformidade com requisitos ambientais, identificar oportunidades de melhoria e assegurar a efic\u00e1cia das pr\u00e1ticas ambientais.<\/span>\n\t\t\t\t\t\t\t\t\t<\/li>\n\t\t\t\t\t\t<\/ul>\n\t\t\t\t<\/div>\n\t\t\t\t<\/div>\n\t\t\t\t\t<\/div>\n\t\t<\/div>\n\t\t\t\t\t<\/div>\n\t\t<\/section>\n\t\t\t\t\t<\/div>\n\t\t<\/div>\n\t\t\t\t\t<\/div>\n\t\t<\/section>\n\t\t\t\t<\/div>\n\t\t","protected":false},"excerpt":{"rendered":"<p>Treinamentos e Palestras Treinamentos NR 01 &#8211; Disposi\u00e7\u00f5es Gerais: Trata-se da Norma Regulamentadora 01, que estabelece as disposi\u00e7\u00f5es gerais sobre seguran\u00e7a e sa\u00fade no trabalho. Ela define as responsabilidades das empresas e dos trabalhadores para garantir um ambiente laboral seguro. CIPA &#8211; Comiss\u00e3o Interna de Preven\u00e7\u00e3o de Acidentes: A CIPA \u00e9 um \u00f3rg\u00e3o composto por representantes dos empregadores e dos trabalhadores, com o objetivo de promover a seguran\u00e7a e prevenir acidentes no ambiente de trabalho. EPI &#8211; Equipamento de Prote\u00e7\u00e3o Individual: Treinamento sobre o uso correto e adequado dos Equipamentos de Prote\u00e7\u00e3o Individual, como capacetes, luvas, \u00f3culos, entre outros, para garantir a seguran\u00e7a dos trabalhadores. Brigada de Inc\u00eandio: Treinamento destinado a capacitar colaboradores para atuarem em situa\u00e7\u00f5es de inc\u00eandio, incluindo o combate ao fogo, evacua\u00e7\u00e3o segura e primeiros socorros b\u00e1sicos. Primeiros Socorros: Envolvem t\u00e9cnicas e procedimentos b\u00e1sicos para oferecer assist\u00eancia imediata a pessoas feridas ou doentes antes da chegada de profissionais de sa\u00fade. Empilhadeira: Treinamento para operadores de empilhadeiras, abordando aspectos te\u00f3ricos e pr\u00e1ticos relacionados \u00e0 opera\u00e7\u00e3o segura desses equipamentos. Trabalho em Altura: Treinamento voltado para atividades realizadas em locais elevados, proporcionando t\u00e9cnicas de seguran\u00e7a para evitar quedas e acidentes. Espa\u00e7o Confinado: Aborda os procedimentos seguros para trabalhar em espa\u00e7os confinados, onde h\u00e1 limita\u00e7\u00e3o de entrada e sa\u00edda e condi\u00e7\u00f5es que podem apresentar riscos. Combust\u00edveis e Inflam\u00e1veis: Foca nos cuidados e pr\u00e1ticas seguras no manuseio, armazenamento e transporte de subst\u00e2ncias inflam\u00e1veis. NR 10 &#8211; Seguran\u00e7a em Instala\u00e7\u00f5es e Servi\u00e7os em Eletricidade: Estabelece requisitos e condi\u00e7\u00f5es m\u00ednimas para garantir a seguran\u00e7a dos trabalhadores que interagem com instala\u00e7\u00f5es el\u00e9tricas e servi\u00e7os em eletricidade. AVCB\/CLCB \u2013 Corpo de Bombeiros: A obten\u00e7\u00e3o e renova\u00e7\u00e3o do Auto de Vistoria do Corpo de Bombeiros e do Certificado de Licen\u00e7a do Corpo de Bombeiros, documentos que atestam a conformidade das edifica\u00e7\u00f5es quanto \u00e0s normas de seguran\u00e7a contra inc\u00eandios. Per\u00edcias M\u00e9dicas e de Insalubridade: Aborda as pr\u00e1ticas e procedimentos relacionados a per\u00edcias m\u00e9dicas e de insalubridade, visando avaliar condi\u00e7\u00f5es de trabalho e determinar riscos \u00e0 sa\u00fade dos trabalhadores. Palestras PGRCC &#8211; Plano de Gerenciamento de Res\u00edduos de Constru\u00e7\u00e3o Civil: Palestra sobre a elabora\u00e7\u00e3o e implementa\u00e7\u00e3o do Plano de Gerenciamento de Res\u00edduos de Constru\u00e7\u00e3o Civil, abordando a gest\u00e3o adequada dos res\u00edduos gerados durante atividades de constru\u00e7\u00e3o, reforma e demoli\u00e7\u00e3o. PGRS &#8211; Plano de Gerenciamento de Res\u00edduos S\u00f3lidos: Foca na cria\u00e7\u00e3o e execu\u00e7\u00e3o do Plano de Gerenciamento de Res\u00edduos S\u00f3lidos, que visa o manejo sustent\u00e1vel dos res\u00edduos s\u00f3lidos, desde a gera\u00e7\u00e3o at\u00e9 a destina\u00e7\u00e3o final, com \u00eanfase na redu\u00e7\u00e3o, reutiliza\u00e7\u00e3o e reciclagem. PGRSS &#8211; Plano de Gerenciamento de Res\u00edduos S\u00f3lidos em Servi\u00e7os de Sa\u00fade: Aborda a elabora\u00e7\u00e3o do Plano de Gerenciamento de Res\u00edduos S\u00f3lidos em Servi\u00e7os de Sa\u00fade, considerando as caracter\u00edsticas especiais dos res\u00edduos provenientes de estabelecimentos de sa\u00fade e as medidas para prevenir riscos \u00e0 sa\u00fade p\u00fablica e ao meio ambiente. Auditoria Ambiental: Palestra sobre a pr\u00e1tica da auditoria ambiental, um processo sistem\u00e1tico de avalia\u00e7\u00e3o das atividades de uma organiza\u00e7\u00e3o para garantir conformidade com requisitos ambientais, identificar oportunidades de melhoria e assegurar a efic\u00e1cia das pr\u00e1ticas ambientais.<\/p>\n","protected":false},"author":1,"featured_media":0,"parent":0,"menu_order":0,"comment_status":"closed","ping_status":"closed","template":"elementor_header_footer","meta":{"footnotes":""},"class_list":["post-130","page","type-page","status-publish","hentry"],"_links":{"self":[{"href":"https:\/\/brasilhs.com.br\/index.php\/wp-json\/wp\/v2\/pages\/130","targetHints":{"allow":["GET"]}}],"collection":[{"href":"https:\/\/brasilhs.com.br\/index.php\/wp-json\/wp\/v2\/pages"}],"about":[{"href":"https:\/\/brasilhs.com.br\/index.php\/wp-json\/wp\/v2\/types\/page"}],"author":[{"embeddable":true,"href":"https:\/\/brasilhs.com.br\/index.php\/wp-json\/wp\/v2\/users\/1"}],"replies":[{"embeddable":true,"href":"https:\/\/brasilhs.com.br\/index.php\/wp-json\/wp\/v2\/comments?post=130"}],"version-history":[{"count":69,"href":"https:\/\/brasilhs.com.br\/index.php\/wp-json\/wp\/v2\/pages\/130\/revisions"}],"predecessor-version":[{"id":756,"href":"https:\/\/brasilhs.com.br\/index.php\/wp-json\/wp\/v2\/pages\/130\/revisions\/756"}],"wp:attachment":[{"href":"https:\/\/brasilhs.com.br\/index.php\/wp-json\/wp\/v2\/media?parent=130"}],"curies":[{"name":"wp","href":"https:\/\/api.w.org\/{rel}","templated":true}]}}